{"id":947,"date":"2015-09-24T17:41:04","date_gmt":"2015-09-24T17:41:04","guid":{"rendered":"http:\/\/helipoland.com\/?page_id=947"},"modified":"2023-07-13T10:06:58","modified_gmt":"2023-07-13T10:06:58","slug":"robinson-r-22-beta-ii","status":"publish","type":"page","link":"https:\/\/helipoland.com\/ru\/sprzedaz-helikopterow-smiglowcow\/helikoptery-robinson\/robinson-r-22-beta-ii\/","title":{"rendered":"R 22 BETA II"},"content":{"rendered":"<div class=\"ezcol ezcol-one-third\">\n<p>\u0412\u0435\u0440\u0442\u043e\u043b\u0451\u0442\u044b Robinson R22 Beta II \u0432\u044b\u043f\u043e\u043b\u043d\u044f\u044e\u0442 \u043c\u043d\u043e\u0436\u0435\u0441\u0442\u0432\u043e \u0437\u0430\u0434\u0430\u0447 \u043f\u043e \u0432\u0441\u0435\u043c\u0443 \u043c\u0438\u0440\u0443, \u043d\u0430\u0447\u0438\u043d\u0430\u044f \u043e\u0442 \u043b\u0435\u0442\u043d\u043e\u0439 \u043f\u043e\u0434\u0433\u043e\u0442\u043e\u0432\u043a\u0438 \u043f\u0438\u043b\u043e\u0442\u043e\u0432 \u0438 \u0437\u0430\u043a\u0430\u043d\u0447\u0438\u0432\u0430\u044f \u043f\u0430\u0442\u0440\u0443\u043b\u0438\u0440\u043e\u0432\u0430\u043d\u0438\u0435\u043c \u0442\u0440\u0443\u0431\u043e\u043f\u0440\u043e\u0432\u043e\u0434\u043e\u0432, \u0433\u0434\u0435 \u0442\u0440\u0435\u0431\u0443\u044e\u0442\u0441\u044f \u043d\u0430\u0434\u0435\u0436\u043d\u043e\u0441\u0442\u044c, \u043d\u0438\u0437\u043a\u0438\u0435 \u044d\u043a\u0441\u043f\u043b\u0443\u0430\u0442\u0430\u0446\u0438\u043e\u043d\u043d\u044b\u0435 \u0440\u0430\u0441\u0445\u043e\u0434\u044b \u0438 \u0432\u044b\u0441\u043e\u043a\u0430\u044f \u043f\u0440\u043e\u0438\u0437\u0432\u043e\u0434\u0438\u0442\u0435\u043b\u044c\u043d\u043e\u0441\u0442\u044c.<\/p>\n<p>R22 Beta II \u043e\u0441\u043d\u0430\u0449\u0451\u043d \u0447\u0435\u0442\u044b\u0440\u0435\u0445\u0446\u0438\u043b\u0438\u043d\u0434\u0440\u043e\u0432\u044b\u043c \u043a\u0430\u0440\u0431\u044e\u0440\u0430\u0442\u043e\u0440\u043d\u044b\u043c \u0434\u0432\u0438\u0433\u0430\u0442\u0435\u043b\u0435\u043c Lycoming O-360, \u043e\u0431\u044a\u0435\u043c\u043e\u043c 100 \u043b, \u0440\u0430\u0431\u043e\u0442\u0430\u044e\u0449\u0435\u043c \u043d\u0430 \u0430\u0432\u0438\u0430\u0446\u0438\u043e\u043d\u043d\u043e\u043c \u0431\u0435\u043d\u0437\u0438\u043d\u0435. \u0414\u0432\u0438\u0433\u0430\u0442\u0435\u043b\u044c \u0438\u043c\u0435\u0435\u0442 \u043c\u043e\u0449\u043d\u043e\u0441\u0442\u044c 145 \u043b.\u0441., \u043d\u0430 \u0432\u0437\u043b\u0451\u0442\u0435 \u0441\u043d\u0438\u0436\u0430\u0435\u0442\u0441\u044f \u0434\u043e 131 \u043b.\u0441. \u0432 \u0442\u0435\u0447\u0435\u043d\u0438\u0435 \u043f\u044f\u0442\u0438 \u043c\u0438\u043d\u0443\u0442 \u0438 \u0434\u0430\u043b\u0435\u0435 \u0434\u043e 124 \u043b.\u0441. \u043f\u0440\u0438 \u043f\u0440\u043e\u0434\u043e\u043b\u0436\u0438\u0442\u0435\u043b\u044c\u043d\u043e\u0439 \u0440\u0430\u0431\u043e\u0442\u0435. \u041c\u043e\u0449\u043d\u044b\u0439 \u0434\u0432\u0438\u0433\u0430\u0442\u0435\u043b\u044c, \u043b\u0435\u0433\u043a\u0438\u0439 \u043f\u043b\u0430\u043d\u0435\u0440 \u0438\u0437 \u0441\u0442\u0430\u043b\u044c\u043d\u044b\u0445 \u0442\u0440\u0443\u0431 \u0438 \u0430\u044d\u0440\u043e\u0434\u0438\u043d\u0430\u043c\u0438\u0447\u0435\u0441\u043a\u0430\u044f \u0444\u043e\u0440\u043c\u0430 \u0432\u0435\u0440\u0442\u043e\u043b\u0451\u0442\u0430 \u043e\u0431\u0435\u0441\u043f\u0435\u0447\u0438\u0432\u0430\u044e\u0442 \u0435\u043c\u0443 \u043a\u0440\u0435\u0439\u0441\u0435\u0440\u0441\u043a\u0443\u044e \u0441\u043a\u043e\u0440\u043e\u0441\u0442\u044c \u0434\u043e 90 \u0443\u0437\u043b\u043e\u0432 \u0438 \u0441\u0440\u0435\u0434\u043d\u0438\u0439 \u0440\u0430\u0441\u0445\u043e\u0434 \u0442\u043e\u043f\u043b\u0438\u0432\u0430 \u0432\u0441\u0435\u0433\u043e 7-10 \u0433\u0430\u043b\u043b\u043e\u043d\u043e\u0432 \u0432 \u0447\u0430\u0441. \u0412\u0435\u0440\u0442\u043e\u043b\u0451\u0442 R22 \u0440\u0430\u0441\u0441\u0447\u0438\u0442\u0430\u043d \u043d\u0430 \u0434\u0432\u0443\u0445 \u043f\u0430\u0441\u0441\u0430\u0436\u0438\u0440\u043e\u0432, \u0438 \u0438\u043c\u0435\u0435\u0442 \u043f\u0430\u043d\u043e\u0440\u0430\u043c\u043d\u043e\u0435 \u043e\u0441\u0442\u0435\u043a\u043b\u0435\u043d\u0438\u0435. \u0421\u0430\u043b\u043e\u043d \u0432\u0435\u0440\u0442\u043e\u043b\u0451\u0442\u0430 \u043e\u0431\u0440\u0430\u0431\u043e\u0442\u0430\u043d \u0430\u043a\u0443\u0441\u0442\u0438\u0447\u0435\u0441\u043a\u0430\u044f \u043f\u0435\u043d\u043e\u0439, \u0447\u0442\u043e \u0441\u043d\u0438\u0436\u0430\u0435\u0442 \u0448\u0443\u043c \u0432 \u0441\u0430\u043b\u043e\u043d\u0435. <span style=\"color: #000080;\"><a style=\"color: #000080;\" href=\"https:\/\/helipoland.com\/wp-content\/uploads\/2019\/10\/r22_brochure.pdf\"><span style=\"text-decoration: underline;\"><strong>\u0421\u043a\u0430\u0447\u0430\u0442\u044c \u0431\u0440\u043e\u0448\u044e\u0440\u0443.<\/strong><\/span><\/a><\/span><\/p>\n<h3 style=\"text-align: center;\"><span style=\"text-decoration: underline; color: #333399;\"><strong><a style=\"color: #333399; text-decoration: underline;\" href=\"https:\/\/robinsonheli-configurator.com\/rhc\/hID\/R22\" target=\"_blank\" rel=\"noopener noreferrer\">\u041a\u041e\u041d\u0424\u0418\u0413\u0423\u0420\u0410\u0426\u0418\u042f<\/a><\/strong><\/span><\/h3>\n<p style=\"text-align: justify;\"><\/div> <div class=\"ezcol ezcol-two-third ezcol-last\"><div id=\"metaslider-id-960\" style=\"max-width: 800px;\" class=\"ml-slider-3-97-0 metaslider metaslider-flex metaslider-960 ml-slider ms-theme-default nav-hidden nav-hidden nav-hidden\" role=\"region\" aria-roledescription=\"Slideshow\" aria-label=\"R 22\" data-width=\"800\">\n    <div id=\"metaslider_container_960\">\n        <div id=\"metaslider_960\">\n            <ul class='slides'>\n                <li style=\"display: block; width: 100%;\" class=\"slide-961 ms-image \" aria-roledescription=\"slide\" aria-label=\"slide-961\" data-date=\"2015-09-24 21:13:40\"><img loading=\"lazy\" decoding=\"async\" src=\"https:\/\/helipoland.com\/wp-content\/uploads\/2015\/09\/r22_1-703x440.jpg\" height=\"500\" width=\"800\" alt=\"Sprzeda\u017c helikopter\u00f3w Robinson R 22\" class=\"slider-960 slide-961\" \/><\/li>\n                <li style=\"display: none; width: 100%;\" class=\"slide-962 ms-image \" aria-roledescription=\"slide\" aria-label=\"slide-962\" data-date=\"2015-09-24 21:14:01\"><img loading=\"lazy\" decoding=\"async\" src=\"https:\/\/helipoland.com\/wp-content\/uploads\/2015\/09\/r22_2-705x441.jpg\" height=\"500\" width=\"800\" alt=\"Sprzeda\u017c helikopter\u00f3w Robinson R 22\" class=\"slider-960 slide-962\" \/><\/li>\n                <li style=\"display: none; width: 100%;\" class=\"slide-963 ms-image \" aria-roledescription=\"slide\" aria-label=\"slide-963\" data-date=\"2015-09-24 21:14:12\"><img loading=\"lazy\" decoding=\"async\" src=\"https:\/\/helipoland.com\/wp-content\/uploads\/2015\/09\/r22_3-703x440.jpg\" height=\"500\" width=\"800\" alt=\"Sprzeda\u017c helikopter\u00f3w Robinson R 22\" class=\"slider-960 slide-963\" \/><\/li>\n                <li style=\"display: none; width: 100%;\" class=\"slide-964 ms-image \" aria-roledescription=\"slide\" aria-label=\"slide-964\" data-date=\"2015-09-24 21:14:24\"><img loading=\"lazy\" decoding=\"async\" src=\"https:\/\/helipoland.com\/wp-content\/uploads\/2015\/09\/r22_4-703x440.jpg\" height=\"500\" width=\"800\" alt=\"Sprzeda\u017c helikopter\u00f3w Robinson R 22\" class=\"slider-960 slide-964\" \/><\/li>\n                <li style=\"display: none; width: 100%;\" class=\"slide-965 ms-image \" aria-roledescription=\"slide\" aria-label=\"slide-965\" data-date=\"2015-09-24 21:14:39\"><img loading=\"lazy\" decoding=\"async\" src=\"https:\/\/helipoland.com\/wp-content\/uploads\/2015\/09\/r22_5-703x440.jpg\" height=\"500\" width=\"800\" alt=\"Sprzeda\u017c helikopter\u00f3w Robinson R 22\" class=\"slider-960 slide-965\" \/><\/li>\n                <li style=\"display: none; width: 100%;\" class=\"slide-966 ms-image \" aria-roledescription=\"slide\" aria-label=\"slide-966\" data-date=\"2015-09-24 21:14:49\"><img loading=\"lazy\" decoding=\"async\" src=\"https:\/\/helipoland.com\/wp-content\/uploads\/2015\/09\/r22_6-703x440.jpg\" height=\"500\" width=\"800\" alt=\"Sprzeda\u017c helikopter\u00f3w Robinson R 22\" class=\"slider-960 slide-966\" \/><\/li>\n                <li style=\"display: none; width: 100%;\" class=\"slide-967 ms-image \" aria-roledescription=\"slide\" aria-label=\"slide-967\" data-date=\"2015-09-24 21:14:59\"><img loading=\"lazy\" decoding=\"async\" src=\"https:\/\/helipoland.com\/wp-content\/uploads\/2015\/09\/r22_7-703x440.jpg\" height=\"500\" width=\"800\" alt=\"Sprzeda\u017c helikopter\u00f3w Robinson R 22\" class=\"slider-960 slide-967\" \/><\/li>\n                <li style=\"display: none; width: 100%;\" class=\"slide-968 ms-image \" aria-roledescription=\"slide\" aria-label=\"slide-968\" data-date=\"2015-09-24 21:15:11\"><img loading=\"lazy\" decoding=\"async\" src=\"https:\/\/helipoland.com\/wp-content\/uploads\/2015\/09\/r22_8-703x440.jpg\" height=\"500\" width=\"800\" alt=\"Sprzeda\u017c helikopter\u00f3w Robinson R 22\" class=\"slider-960 slide-968\" \/><\/li>\n            <\/ul>\n        <\/div>\n        \n    <\/div>\n<\/div>\n<h3 style=\"text-align: center;\"><span style=\"text-decoration: underline; color: #333399;\"><strong><a style=\"color: #333399; text-decoration: underline;\" href=\"https:\/\/robinsonheli.com\/r22-beta-ii-helicopter\/\" target=\"_blank\" rel=\"noopener noreferrer\">\u0421\u0410\u0419\u0422 \u041f\u0420\u041e\u0418\u0417\u0412\u041e\u0414\u0418\u0422\u0415\u041b\u042f<\/a><\/strong><\/span><\/h3>\n<p style=\"text-align: justify;\"><\/div><div class=\"ezcol-divider\"><\/div>\n<p><a class=\"single_photoswipe\" href=\"https:\/\/helipoland.com\/wp-content\/uploads\/2015\/09\/R-22-ENG.jpg\" data-size=\"1559x906\"><img loading=\"lazy\" decoding=\"async\" class=\"alignnone size-full wp-image-971\" src=\"https:\/\/helipoland.com\/wp-content\/uploads\/2015\/09\/R-22-ENG.jpg\" alt=\"Sprzeda\u017c helikopter\u00f3w Robinson R 22\" width=\"1559\" height=\"906\" srcset=\"https:\/\/helipoland.com\/wp-content\/uploads\/2015\/09\/R-22-ENG.jpg 1559w, https:\/\/helipoland.com\/wp-content\/uploads\/2015\/09\/R-22-ENG-300x174.jpg 300w, https:\/\/helipoland.com\/wp-content\/uploads\/2015\/09\/R-22-ENG-1024x595.jpg 1024w\" sizes=\"auto, (max-width: 1559px) 100vw, 1559px\" \/><\/a><\/p>\n<p>&nbsp;","protected":false},"excerpt":{"rendered":"<p>&nbsp;<\/p>\n","protected":false},"author":1,"featured_media":0,"parent":939,"menu_order":0,"comment_status":"closed","ping_status":"closed","template":"template-fullwidth-with-form.php","meta":{"_acf_changed":false,"footnotes":""},"class_list":["post-947","page","type-page","status-publish","hentry"],"acf":[],"yoast_head":"<!-- This site is optimized with the Yoast SEO plugin v24.8.1 - https:\/\/yoast.com\/wordpress\/plugins\/seo\/ -->\n<title>Robinson R 22 BETA II<\/title>\n<meta name=\"description\" content=\"\u015amig\u0142owce Robinson R 22 BETA II\" \/>\n<meta name=\"robots\" content=\"index, follow, max-snippet:-1, max-image-preview:large, max-video-preview:-1\" \/>\n<link rel=\"canonical\" href=\"https:\/\/helipoland.com\/sprzedaz-helikopterow-smiglowcow\/helikoptery-robinson\/robinson-r-22-beta-ii\/\" \/>\n<meta property=\"og:locale\" content=\"ru_RU\" \/>\n<meta property=\"og:type\" content=\"article\" \/>\n<meta property=\"og:title\" content=\"Robinson R 22 BETA II\" \/>\n<meta property=\"og:description\" content=\"{:pl}\u015amig\u0142owce Robinson R 22 BETA II{:en}Robinson R 22 BETA II Helicopters{:}\" \/>\n<meta property=\"og:url\" content=\"https:\/\/helipoland.com\/sprzedaz-helikopterow-smiglowcow\/helikoptery-robinson\/robinson-r-22-beta-ii\/\" \/>\n<meta property=\"og:site_name\" content=\"Helipoland.com\" \/>\n<meta property=\"article:modified_time\" content=\"2023-07-13T10:06:58+00:00\" \/>\n<meta property=\"og:image\" content=\"http:\/\/helipoland.com\/wp-content\/uploads\/2015\/09\/R-22-PL.jpg\" \/>\n<meta name=\"twitter:label1\" content=\"\u041f\u0440\u0438\u043c\u0435\u0440\u043d\u043e\u0435 \u0432\u0440\u0435\u043c\u044f \u0434\u043b\u044f \u0447\u0442\u0435\u043d\u0438\u044f\" \/>\n\t<meta name=\"twitter:data1\" content=\"3 \u043c\u0438\u043d\u0443\u0442\u044b\" \/>\n<script type=\"application\/ld+json\" class=\"yoast-schema-graph\">{\"@context\":\"https:\/\/schema.org\",\"@graph\":[{\"@type\":\"WebPage\",\"@id\":\"https:\/\/helipoland.com\/sprzedaz-helikopterow-smiglowcow\/helikoptery-robinson\/robinson-r-22-beta-ii\/\",\"url\":\"https:\/\/helipoland.com\/sprzedaz-helikopterow-smiglowcow\/helikoptery-robinson\/robinson-r-22-beta-ii\/\",\"name\":\"Robinson R 22 BETA II\",\"isPartOf\":{\"@id\":\"https:\/\/helipoland.com\/pl\/#website\"},\"primaryImageOfPage\":{\"@id\":\"https:\/\/helipoland.com\/sprzedaz-helikopterow-smiglowcow\/helikoptery-robinson\/robinson-r-22-beta-ii\/#primaryimage\"},\"image\":{\"@id\":\"https:\/\/helipoland.com\/sprzedaz-helikopterow-smiglowcow\/helikoptery-robinson\/robinson-r-22-beta-ii\/#primaryimage\"},\"thumbnailUrl\":\"http:\/\/helipoland.com\/wp-content\/uploads\/2015\/09\/R-22-PL.jpg\",\"datePublished\":\"2015-09-24T17:41:04+00:00\",\"dateModified\":\"2023-07-13T10:06:58+00:00\",\"description\":\"{:pl}\u015amig\u0142owce Robinson R 22 BETA II{:en}Robinson R 22 BETA II Helicopters{:}\",\"breadcrumb\":{\"@id\":\"https:\/\/helipoland.com\/sprzedaz-helikopterow-smiglowcow\/helikoptery-robinson\/robinson-r-22-beta-ii\/#breadcrumb\"},\"inLanguage\":\"ru-RU\",\"potentialAction\":[{\"@type\":\"ReadAction\",\"target\":[\"https:\/\/helipoland.com\/sprzedaz-helikopterow-smiglowcow\/helikoptery-robinson\/robinson-r-22-beta-ii\/\"]}]},{\"@type\":\"ImageObject\",\"inLanguage\":\"ru-RU\",\"@id\":\"https:\/\/helipoland.com\/sprzedaz-helikopterow-smiglowcow\/helikoptery-robinson\/robinson-r-22-beta-ii\/#primaryimage\",\"url\":\"http:\/\/helipoland.com\/wp-content\/uploads\/2015\/09\/R-22-PL.jpg\",\"contentUrl\":\"http:\/\/helipoland.com\/wp-content\/uploads\/2015\/09\/R-22-PL.jpg\"},{\"@type\":\"BreadcrumbList\",\"@id\":\"https:\/\/helipoland.com\/sprzedaz-helikopterow-smiglowcow\/helikoptery-robinson\/robinson-r-22-beta-ii\/#breadcrumb\",\"itemListElement\":[{\"@type\":\"ListItem\",\"position\":1,\"name\":\"Helipoland.com\",\"item\":\"https:\/\/helipoland.com\/pl\/\"},{\"@type\":\"ListItem\",\"position\":2,\"name\":\"Sprzeda\u017c nowych i u\u017cywanych \u015bmig\u0142owc\u00f3w (helikopter\u00f3w), akcesoria, l\u0105dowiska\",\"item\":\"https:\/\/helipoland.com\/sprzedaz-helikopterow-smiglowcow\/\"},{\"@type\":\"ListItem\",\"position\":3,\"name\":\"Nowe \u015bmig\u0142owce Robinson\",\"item\":\"https:\/\/helipoland.com\/sprzedaz-helikopterow-smiglowcow\/helikoptery-robinson\/\"},{\"@type\":\"ListItem\",\"position\":4,\"name\":\"R 22 BETA II\"}]},{\"@type\":\"WebSite\",\"@id\":\"https:\/\/helipoland.com\/pl\/#website\",\"url\":\"https:\/\/helipoland.com\/pl\/\",\"name\":\"Helipoland.com\",\"description\":\"\u041f\u043e\u043b\u0435\u0442\u044b \u043d\u0430 \u0432\u0435\u0440\u0442\u043e\u043b\u0435\u0442\u0435, \u043b\u0435\u0442\u043d\u0430\u044f \u0448\u043a\u043e\u043b\u0430, \u043e\u0431\u0441\u043b\u0443\u0436\u0438\u0432\u0430\u043d\u0438\u0435 \u0432\u0435\u0440\u0442\u043e\u043b\u0435\u0442\u043e\u0432, \u0432\u0435\u0440\u0442\u043e\u043b\u0435\u0442\u044b\",\"potentialAction\":[{\"@type\":\"SearchAction\",\"target\":{\"@type\":\"EntryPoint\",\"urlTemplate\":\"https:\/\/helipoland.com\/pl\/?s={search_term_string}\"},\"query-input\":{\"@type\":\"PropertyValueSpecification\",\"valueRequired\":true,\"valueName\":\"search_term_string\"}}],\"inLanguage\":\"ru-RU\"}]}<\/script>\n<!-- \/ Yoast SEO plugin. -->","yoast_head_json":{"title":"Robinson R 22 BETA II","description":"\u015amig\u0142owce Robinson R 22 BETA II","robots":{"index":"index","follow":"follow","max-snippet":"max-snippet:-1","max-image-preview":"max-image-preview:large","max-video-preview":"max-video-preview:-1"},"canonical":"https:\/\/helipoland.com\/sprzedaz-helikopterow-smiglowcow\/helikoptery-robinson\/robinson-r-22-beta-ii\/","og_locale":"ru_RU","og_type":"article","og_title":"Robinson R 22 BETA II","og_description":"{:pl}\u015amig\u0142owce Robinson R 22 BETA II{:en}Robinson R 22 BETA II Helicopters{:}","og_url":"https:\/\/helipoland.com\/sprzedaz-helikopterow-smiglowcow\/helikoptery-robinson\/robinson-r-22-beta-ii\/","og_site_name":"Helipoland.com","article_modified_time":"2023-07-13T10:06:58+00:00","og_image":[{"url":"http:\/\/helipoland.com\/wp-content\/uploads\/2015\/09\/R-22-PL.jpg","type":"","width":"","height":""}],"twitter_misc":{"\u041f\u0440\u0438\u043c\u0435\u0440\u043d\u043e\u0435 \u0432\u0440\u0435\u043c\u044f \u0434\u043b\u044f \u0447\u0442\u0435\u043d\u0438\u044f":"3 \u043c\u0438\u043d\u0443\u0442\u044b"},"schema":{"@context":"https:\/\/schema.org","@graph":[{"@type":"WebPage","@id":"https:\/\/helipoland.com\/sprzedaz-helikopterow-smiglowcow\/helikoptery-robinson\/robinson-r-22-beta-ii\/","url":"https:\/\/helipoland.com\/sprzedaz-helikopterow-smiglowcow\/helikoptery-robinson\/robinson-r-22-beta-ii\/","name":"Robinson R 22 BETA II","isPartOf":{"@id":"https:\/\/helipoland.com\/pl\/#website"},"primaryImageOfPage":{"@id":"https:\/\/helipoland.com\/sprzedaz-helikopterow-smiglowcow\/helikoptery-robinson\/robinson-r-22-beta-ii\/#primaryimage"},"image":{"@id":"https:\/\/helipoland.com\/sprzedaz-helikopterow-smiglowcow\/helikoptery-robinson\/robinson-r-22-beta-ii\/#primaryimage"},"thumbnailUrl":"http:\/\/helipoland.com\/wp-content\/uploads\/2015\/09\/R-22-PL.jpg","datePublished":"2015-09-24T17:41:04+00:00","dateModified":"2023-07-13T10:06:58+00:00","description":"{:pl}\u015amig\u0142owce Robinson R 22 BETA II{:en}Robinson R 22 BETA II Helicopters{:}","breadcrumb":{"@id":"https:\/\/helipoland.com\/sprzedaz-helikopterow-smiglowcow\/helikoptery-robinson\/robinson-r-22-beta-ii\/#breadcrumb"},"inLanguage":"ru-RU","potentialAction":[{"@type":"ReadAction","target":["https:\/\/helipoland.com\/sprzedaz-helikopterow-smiglowcow\/helikoptery-robinson\/robinson-r-22-beta-ii\/"]}]},{"@type":"ImageObject","inLanguage":"ru-RU","@id":"https:\/\/helipoland.com\/sprzedaz-helikopterow-smiglowcow\/helikoptery-robinson\/robinson-r-22-beta-ii\/#primaryimage","url":"http:\/\/helipoland.com\/wp-content\/uploads\/2015\/09\/R-22-PL.jpg","contentUrl":"http:\/\/helipoland.com\/wp-content\/uploads\/2015\/09\/R-22-PL.jpg"},{"@type":"BreadcrumbList","@id":"https:\/\/helipoland.com\/sprzedaz-helikopterow-smiglowcow\/helikoptery-robinson\/robinson-r-22-beta-ii\/#breadcrumb","itemListElement":[{"@type":"ListItem","position":1,"name":"Helipoland.com","item":"https:\/\/helipoland.com\/pl\/"},{"@type":"ListItem","position":2,"name":"Sprzeda\u017c nowych i u\u017cywanych \u015bmig\u0142owc\u00f3w (helikopter\u00f3w), akcesoria, l\u0105dowiska","item":"https:\/\/helipoland.com\/sprzedaz-helikopterow-smiglowcow\/"},{"@type":"ListItem","position":3,"name":"Nowe \u015bmig\u0142owce Robinson","item":"https:\/\/helipoland.com\/sprzedaz-helikopterow-smiglowcow\/helikoptery-robinson\/"},{"@type":"ListItem","position":4,"name":"R 22 BETA II"}]},{"@type":"WebSite","@id":"https:\/\/helipoland.com\/pl\/#website","url":"https:\/\/helipoland.com\/pl\/","name":"Helipoland.com","description":"\u041f\u043e\u043b\u0435\u0442\u044b \u043d\u0430 \u0432\u0435\u0440\u0442\u043e\u043b\u0435\u0442\u0435, \u043b\u0435\u0442\u043d\u0430\u044f \u0448\u043a\u043e\u043b\u0430, \u043e\u0431\u0441\u043b\u0443\u0436\u0438\u0432\u0430\u043d\u0438\u0435 \u0432\u0435\u0440\u0442\u043e\u043b\u0435\u0442\u043e\u0432, \u0432\u0435\u0440\u0442\u043e\u043b\u0435\u0442\u044b","potentialAction":[{"@type":"SearchAction","target":{"@type":"EntryPoint","urlTemplate":"https:\/\/helipoland.com\/pl\/?s={search_term_string}"},"query-input":{"@type":"PropertyValueSpecification","valueRequired":true,"valueName":"search_term_string"}}],"inLanguage":"ru-RU"}]}},"_links":{"self":[{"href":"https:\/\/helipoland.com\/ru\/wp-json\/wp\/v2\/pages\/947","targetHints":{"allow":["GET"]}}],"collection":[{"href":"https:\/\/helipoland.com\/ru\/wp-json\/wp\/v2\/pages"}],"about":[{"href":"https:\/\/helipoland.com\/ru\/wp-json\/wp\/v2\/types\/page"}],"author":[{"embeddable":true,"href":"https:\/\/helipoland.com\/ru\/wp-json\/wp\/v2\/users\/1"}],"replies":[{"embeddable":true,"href":"https:\/\/helipoland.com\/ru\/wp-json\/wp\/v2\/comments?post=947"}],"version-history":[{"count":39,"href":"https:\/\/helipoland.com\/ru\/wp-json\/wp\/v2\/pages\/947\/revisions"}],"predecessor-version":[{"id":5879,"href":"https:\/\/helipoland.com\/ru\/wp-json\/wp\/v2\/pages\/947\/revisions\/5879"}],"up":[{"embeddable":true,"href":"https:\/\/helipoland.com\/ru\/wp-json\/wp\/v2\/pages\/939"}],"wp:attachment":[{"href":"https:\/\/helipoland.com\/ru\/wp-json\/wp\/v2\/media?parent=947"}],"curies":[{"name":"wp","href":"https:\/\/api.w.org\/{rel}","templated":true}]}}